{"id":1303,"date":"2025-01-08T10:40:29","date_gmt":"2025-01-08T09:40:29","guid":{"rendered":"https:\/\/ebcbuild.com\/kontakt\/"},"modified":"2025-03-31T11:53:08","modified_gmt":"2025-03-31T09:53:08","slug":"kontakt","status":"publish","type":"page","link":"https:\/\/ebcbuild.com\/cs\/kontakt\/","title":{"rendered":"Kontakt"},"content":{"rendered":"<div class=\"wpb-content-wrapper\"><p>[vc_row][vc_column width=&#8220;1\/2&#8243;]<div class=\"grve-element grve-slogan grve-align-left\" style=\"\"><h2 class=\"grve-slogan-title grve-align-left grve-h2\"><span>European Buildings Company<span class=\"grve-title-line grve-bg-primary-2\" style=\"width: 50px;height: 4px;\"><\/span><\/span><\/h2>  <p class=\"\">Stare Iganie, ul. Akacjowa1,<br \/>\n08-103 Siedlce<\/p><div class=\"grve-btn-wrapper\"><a href=\"tel:+48506035317\" class=\"grve-btn grve-btn-medium grve-round grve-bg-primary-2 grve-bg-hover-primary-1\"><span><i class=\"smp-icon-phone\"><\/i>+48 506 035 317<\/span><\/a><a href=\"mailto:sales@ebcbuild.com\" class=\"grve-btn grve-btn-medium grve-round grve-bg-primary-1 grve-bg-hover-primary-1 grve-btn-line\"><span><i class=\"smp-icon-envelope\"><\/i>sales@ebcbuild.com<\/span><\/a><\/div><\/div>[\/vc_column][vc_column width=&#8220;1\/2&#8243;]<h2 class=\"grve-element grve-title grve-align-left grve-h2\" style=\"\"><span>Nev\u00e1hejte n\u00e1s kontaktovat<span class=\"grve-title-line grve-bg-primary-2\" style=\"width: 50px;height: 4px;\"><\/span><\/span><\/h2>\n<div class=\"wpcf7 no-js\" id=\"wpcf7-f1398-o1\" lang=\"cs-CZ\" dir=\"ltr\" data-wpcf7-id=\"1398\">\n<div class=\"screen-reader-response\"><p role=\"status\" aria-live=\"polite\" aria-atomic=\"true\"><\/p> <ul><\/ul><\/div>\n<form action=\"\/cs\/wp-json\/wp\/v2\/pages\/1303#wpcf7-f1398-o1\" method=\"post\" class=\"wpcf7-form init wpcf7-acceptance-as-validation\" aria-label=\"Kontaktn\u00ed formul\u00e1\u0159\" novalidate=\"novalidate\" data-status=\"init\">\n<div style=\"display: none;\">\n<input type=\"hidden\" name=\"_wpcf7\" value=\"1398\" \/>\n<input type=\"hidden\" name=\"_wpcf7_version\" value=\"6.0.6\" \/>\n<input type=\"hidden\" name=\"_wpcf7_locale\" value=\"cs_CZ\" \/>\n<input type=\"hidden\" name=\"_wpcf7_unit_tag\" value=\"wpcf7-f1398-o1\" \/>\n<input type=\"hidden\" name=\"_wpcf7_container_post\" value=\"0\" \/>\n<input type=\"hidden\" name=\"_wpcf7_posted_data_hash\" value=\"\" \/>\n<input type=\"hidden\" name=\"_wpcf7_recaptcha_response\" value=\"\" \/>\n<\/div>\n<div class=\"vc_row wpb_row vc_row-fluid\">\n\t<div class=\"wpb_column vc_column_container vc_col-sm-12\">\n\t\t<div class=\"vc_column-inner\">\n\t\t\t<div class=\"wpb_wrapper\">\n\t\t\t\t<p><span class=\"wpcf7-form-control-wrap\" data-name=\"imie_nazwisko\"><input size=\"40\" maxlength=\"400\" class=\"wpcf7-form-control wpcf7-text wpcf7-validates-as-required\" autocomplete=\"name\" aria-required=\"true\" aria-invalid=\"false\" placeholder=\"Cel\u00e9 jm\u00e9no\" value=\"\" type=\"text\" name=\"imie_nazwisko\" \/><\/span>\n\t\t\t\t<\/p>\n\t\t\t<\/div>\n\t\t<\/div>\n\t<\/div>\n<\/div>\n<div class=\"vc_row wpb_row vc_row-fluid\">\n\t<div class=\"wpb_column vc_column_container vc_col-sm-6\">\n\t\t<div class=\"vc_column-inner\">\n\t\t\t<div class=\"wpb_wrapper\">\n\t\t\t\t<p><span class=\"wpcf7-form-control-wrap\" data-name=\"email\"><input size=\"40\" maxlength=\"400\" class=\"wpcf7-form-control wpcf7-email wpcf7-validates-as-required wpcf7-text wpcf7-validates-as-email\" autocomplete=\"email\" aria-required=\"true\" aria-invalid=\"false\" placeholder=\"E-mailov\u00e1 adresa\" value=\"\" type=\"email\" name=\"email\" \/><\/span>\n\t\t\t\t<\/p>\n\t\t\t<\/div>\n\t\t<\/div>\n\t<\/div>\n\t<div class=\"wpb_column vc_column_container vc_col-sm-6\">\n\t\t<div class=\"vc_column-inner\">\n\t\t\t<div class=\"wpb_wrapper\">\n\t\t\t\t<p><span class=\"wpcf7-form-control-wrap\" data-name=\"tel\"><input size=\"40\" maxlength=\"400\" class=\"wpcf7-form-control wpcf7-tel wpcf7-text wpcf7-validates-as-tel\" autocomplete=\"tel\" aria-invalid=\"false\" placeholder=\"Telefonn\u00ed \u010d\u00edslo\" value=\"\" type=\"tel\" name=\"tel\" \/><\/span>\n\t\t\t\t<\/p>\n\t\t\t<\/div>\n\t\t<\/div>\n\t<\/div>\n<\/div>\n<div class=\"vc_row wpb_row vc_row-fluid\">\n\t<div class=\"wpb_column vc_column_container vc_col-sm-12\">\n\t\t<div class=\"vc_column-inner\">\n\t\t\t<div class=\"wpb_wrapper\">\n\t\t\t\t<p><span class=\"wpcf7-form-control-wrap\" data-name=\"text\"><textarea cols=\"40\" rows=\"10\" maxlength=\"2000\" class=\"wpcf7-form-control wpcf7-textarea wpcf7-validates-as-required\" aria-required=\"true\" aria-invalid=\"false\" placeholder=\"Va\u0161e zpr\u00e1va\" name=\"text\"><\/textarea><\/span>\n\t\t\t\t<\/p>\n\t\t\t<\/div>\n\t\t<\/div>\n\t<\/div>\n<\/div>\n<p><span class=\"wpcf7-form-control-wrap\" data-name=\"acceptance-57\"><span class=\"wpcf7-form-control wpcf7-acceptance\"><span class=\"wpcf7-list-item\"><label><input type=\"checkbox\" name=\"acceptance-57\" value=\"1\" aria-invalid=\"false\" \/><span class=\"wpcf7-list-item-label\">Souhlas\u00edm se zpracov\u00e1n\u00edm m\u00fdch osobn\u00edch \u00fadaj\u016f za \u00fa\u010delem zpracov\u00e1n\u00ed m\u00e9 \u017e\u00e1dosti v souladu s podm\u00ednkami uveden\u00fdmi v <a href=\"\/privacy-policy\" target=\"_blank\">Z\u00e1sad\u00e1ch ochrany osobn\u00edch \u00fadaj\u016f<\/a>.<\/span><\/label><\/span><\/span><\/span><br \/>\n<input class=\"wpcf7-form-control wpcf7-submit has-spinner\" type=\"submit\" value=\"Odeslat\" \/>\n<\/p><div class=\"wpcf7-response-output\" aria-hidden=\"true\"><\/div>\n<\/form>\n<\/div>\n[\/vc_column][\/vc_row]<\/p>\n<\/div>","protected":false},"excerpt":{"rendered":"<p>[vc_row][vc_column width=&#8220;1\/2&#8243;][\/vc_column][vc_column width=&#8220;1\/2&#8243;][\/vc_column][\/vc_row]<\/p>\n","protected":false},"author":1,"featured_media":805,"parent":0,"menu_order":0,"comment_status":"closed","ping_status":"closed","template":"","meta":{"_acf_changed":false,"footnotes":""},"class_list":["post-1303","page","type-page","status-publish","has-post-thumbnail","hentry"],"acf":[],"yoast_head":"<!-- This site is optimized with the Yoast SEO plugin v25.1 - https:\/\/yoast.com\/wordpress\/plugins\/seo\/ -->\n<title>Kontakt - European Buildings Company<\/title>\n<meta name=\"robots\" content=\"index, follow, max-snippet:-1, max-image-preview:large, max-video-preview:-1\" \/>\n<link rel=\"canonical\" href=\"https:\/\/ebcbuild.com\/cs\/kontakt\/\" \/>\n<meta property=\"og:locale\" content=\"cs_CZ\" \/>\n<meta property=\"og:type\" content=\"article\" \/>\n<meta property=\"og:title\" content=\"Kontakt - European Buildings Company\" \/>\n<meta property=\"og:description\" content=\"[vc_row][vc_column width=&#8220;1\/2&#8243;][\/vc_column][vc_column width=&#8220;1\/2&#8243;][\/vc_column][\/vc_row]\" \/>\n<meta property=\"og:url\" content=\"https:\/\/ebcbuild.com\/cs\/kontakt\/\" \/>\n<meta property=\"og:site_name\" content=\"European Buildings Company\" \/>\n<meta property=\"article:modified_time\" content=\"2025-03-31T09:53:08+00:00\" \/>\n<meta property=\"og:image\" content=\"https:\/\/ebcbuild.com\/wp-content\/uploads\/2025\/01\/blue_decor.jpg\" \/>\n\t<meta property=\"og:image:width\" content=\"2560\" \/>\n\t<meta property=\"og:image:height\" content=\"1440\" \/>\n\t<meta property=\"og:image:type\" content=\"image\/jpeg\" \/>\n<meta name=\"twitter:card\" content=\"summary_large_image\" \/>\n<meta name=\"twitter:label1\" content=\"Odhadovan\u00e1 doba \u010dten\u00ed\" \/>\n\t<meta name=\"twitter:data1\" content=\"1 minuta\" \/>\n<script type=\"application\/ld+json\" class=\"yoast-schema-graph\">{\"@context\":\"https:\/\/schema.org\",\"@graph\":[{\"@type\":\"WebPage\",\"@id\":\"https:\/\/ebcbuild.com\/cs\/kontakt\/\",\"url\":\"https:\/\/ebcbuild.com\/cs\/kontakt\/\",\"name\":\"Kontakt - European Buildings Company\",\"isPartOf\":{\"@id\":\"https:\/\/ebcbuild.com\/cs\/#website\"},\"primaryImageOfPage\":{\"@id\":\"https:\/\/ebcbuild.com\/cs\/kontakt\/#primaryimage\"},\"image\":{\"@id\":\"https:\/\/ebcbuild.com\/cs\/kontakt\/#primaryimage\"},\"thumbnailUrl\":\"https:\/\/ebcbuild.com\/wp-content\/uploads\/2025\/01\/blue_decor.jpg\",\"datePublished\":\"2025-01-08T09:40:29+00:00\",\"dateModified\":\"2025-03-31T09:53:08+00:00\",\"breadcrumb\":{\"@id\":\"https:\/\/ebcbuild.com\/cs\/kontakt\/#breadcrumb\"},\"inLanguage\":\"cs\",\"potentialAction\":[{\"@type\":\"ReadAction\",\"target\":[\"https:\/\/ebcbuild.com\/cs\/kontakt\/\"]}]},{\"@type\":\"ImageObject\",\"inLanguage\":\"cs\",\"@id\":\"https:\/\/ebcbuild.com\/cs\/kontakt\/#primaryimage\",\"url\":\"https:\/\/ebcbuild.com\/wp-content\/uploads\/2025\/01\/blue_decor.jpg\",\"contentUrl\":\"https:\/\/ebcbuild.com\/wp-content\/uploads\/2025\/01\/blue_decor.jpg\",\"width\":2560,\"height\":1440},{\"@type\":\"BreadcrumbList\",\"@id\":\"https:\/\/ebcbuild.com\/cs\/kontakt\/#breadcrumb\",\"itemListElement\":[{\"@type\":\"ListItem\",\"position\":1,\"name\":\"Domovsk\u00e1 str\u00e1nka\",\"item\":\"https:\/\/ebcbuild.com\/cs\/\"},{\"@type\":\"ListItem\",\"position\":2,\"name\":\"Kontakt\"}]},{\"@type\":\"WebSite\",\"@id\":\"https:\/\/ebcbuild.com\/cs\/#website\",\"url\":\"https:\/\/ebcbuild.com\/cs\/\",\"name\":\"European Buildings Company\",\"description\":\"Projektowanie i Budowa Hal Modu\u0142owych\",\"publisher\":{\"@id\":\"https:\/\/ebcbuild.com\/cs\/#organization\"},\"potentialAction\":[{\"@type\":\"SearchAction\",\"target\":{\"@type\":\"EntryPoint\",\"urlTemplate\":\"https:\/\/ebcbuild.com\/cs\/?s={search_term_string}\"},\"query-input\":{\"@type\":\"PropertyValueSpecification\",\"valueRequired\":true,\"valueName\":\"search_term_string\"}}],\"inLanguage\":\"cs\"},{\"@type\":\"Organization\",\"@id\":\"https:\/\/ebcbuild.com\/cs\/#organization\",\"name\":\"European Buildings Company\",\"url\":\"https:\/\/ebcbuild.com\/cs\/\",\"logo\":{\"@type\":\"ImageObject\",\"inLanguage\":\"cs\",\"@id\":\"https:\/\/ebcbuild.com\/cs\/#\/schema\/logo\/image\/\",\"url\":\"https:\/\/ebcbuild.com\/wp-content\/uploads\/2025\/01\/EBC-logo.svg\",\"contentUrl\":\"https:\/\/ebcbuild.com\/wp-content\/uploads\/2025\/01\/EBC-logo.svg\",\"width\":1,\"height\":1,\"caption\":\"European Buildings Company\"},\"image\":{\"@id\":\"https:\/\/ebcbuild.com\/cs\/#\/schema\/logo\/image\/\"}}]}<\/script>\n<!-- \/ Yoast SEO plugin. -->","yoast_head_json":{"title":"Kontakt - European Buildings Company","robots":{"index":"index","follow":"follow","max-snippet":"max-snippet:-1","max-image-preview":"max-image-preview:large","max-video-preview":"max-video-preview:-1"},"canonical":"https:\/\/ebcbuild.com\/cs\/kontakt\/","og_locale":"cs_CZ","og_type":"article","og_title":"Kontakt - European Buildings Company","og_description":"[vc_row][vc_column width=&#8220;1\/2&#8243;][\/vc_column][vc_column width=&#8220;1\/2&#8243;][\/vc_column][\/vc_row]","og_url":"https:\/\/ebcbuild.com\/cs\/kontakt\/","og_site_name":"European Buildings Company","article_modified_time":"2025-03-31T09:53:08+00:00","og_image":[{"width":2560,"height":1440,"url":"https:\/\/ebcbuild.com\/wp-content\/uploads\/2025\/01\/blue_decor.jpg","type":"image\/jpeg"}],"twitter_card":"summary_large_image","twitter_misc":{"Odhadovan\u00e1 doba \u010dten\u00ed":"1 minuta"},"schema":{"@context":"https:\/\/schema.org","@graph":[{"@type":"WebPage","@id":"https:\/\/ebcbuild.com\/cs\/kontakt\/","url":"https:\/\/ebcbuild.com\/cs\/kontakt\/","name":"Kontakt - European Buildings Company","isPartOf":{"@id":"https:\/\/ebcbuild.com\/cs\/#website"},"primaryImageOfPage":{"@id":"https:\/\/ebcbuild.com\/cs\/kontakt\/#primaryimage"},"image":{"@id":"https:\/\/ebcbuild.com\/cs\/kontakt\/#primaryimage"},"thumbnailUrl":"https:\/\/ebcbuild.com\/wp-content\/uploads\/2025\/01\/blue_decor.jpg","datePublished":"2025-01-08T09:40:29+00:00","dateModified":"2025-03-31T09:53:08+00:00","breadcrumb":{"@id":"https:\/\/ebcbuild.com\/cs\/kontakt\/#breadcrumb"},"inLanguage":"cs","potentialAction":[{"@type":"ReadAction","target":["https:\/\/ebcbuild.com\/cs\/kontakt\/"]}]},{"@type":"ImageObject","inLanguage":"cs","@id":"https:\/\/ebcbuild.com\/cs\/kontakt\/#primaryimage","url":"https:\/\/ebcbuild.com\/wp-content\/uploads\/2025\/01\/blue_decor.jpg","contentUrl":"https:\/\/ebcbuild.com\/wp-content\/uploads\/2025\/01\/blue_decor.jpg","width":2560,"height":1440},{"@type":"BreadcrumbList","@id":"https:\/\/ebcbuild.com\/cs\/kontakt\/#breadcrumb","itemListElement":[{"@type":"ListItem","position":1,"name":"Domovsk\u00e1 str\u00e1nka","item":"https:\/\/ebcbuild.com\/cs\/"},{"@type":"ListItem","position":2,"name":"Kontakt"}]},{"@type":"WebSite","@id":"https:\/\/ebcbuild.com\/cs\/#website","url":"https:\/\/ebcbuild.com\/cs\/","name":"European Buildings Company","description":"Projektowanie i Budowa Hal Modu\u0142owych","publisher":{"@id":"https:\/\/ebcbuild.com\/cs\/#organization"},"potentialAction":[{"@type":"SearchAction","target":{"@type":"EntryPoint","urlTemplate":"https:\/\/ebcbuild.com\/cs\/?s={search_term_string}"},"query-input":{"@type":"PropertyValueSpecification","valueRequired":true,"valueName":"search_term_string"}}],"inLanguage":"cs"},{"@type":"Organization","@id":"https:\/\/ebcbuild.com\/cs\/#organization","name":"European Buildings Company","url":"https:\/\/ebcbuild.com\/cs\/","logo":{"@type":"ImageObject","inLanguage":"cs","@id":"https:\/\/ebcbuild.com\/cs\/#\/schema\/logo\/image\/","url":"https:\/\/ebcbuild.com\/wp-content\/uploads\/2025\/01\/EBC-logo.svg","contentUrl":"https:\/\/ebcbuild.com\/wp-content\/uploads\/2025\/01\/EBC-logo.svg","width":1,"height":1,"caption":"European Buildings Company"},"image":{"@id":"https:\/\/ebcbuild.com\/cs\/#\/schema\/logo\/image\/"}}]}},"_links":{"self":[{"href":"https:\/\/ebcbuild.com\/cs\/wp-json\/wp\/v2\/pages\/1303","targetHints":{"allow":["GET"]}}],"collection":[{"href":"https:\/\/ebcbuild.com\/cs\/wp-json\/wp\/v2\/pages"}],"about":[{"href":"https:\/\/ebcbuild.com\/cs\/wp-json\/wp\/v2\/types\/page"}],"author":[{"embeddable":true,"href":"https:\/\/ebcbuild.com\/cs\/wp-json\/wp\/v2\/users\/1"}],"replies":[{"embeddable":true,"href":"https:\/\/ebcbuild.com\/cs\/wp-json\/wp\/v2\/comments?post=1303"}],"version-history":[{"count":2,"href":"https:\/\/ebcbuild.com\/cs\/wp-json\/wp\/v2\/pages\/1303\/revisions"}],"predecessor-version":[{"id":1433,"href":"https:\/\/ebcbuild.com\/cs\/wp-json\/wp\/v2\/pages\/1303\/revisions\/1433"}],"wp:featuredmedia":[{"embeddable":true,"href":"https:\/\/ebcbuild.com\/cs\/wp-json\/wp\/v2\/media\/805"}],"wp:attachment":[{"href":"https:\/\/ebcbuild.com\/cs\/wp-json\/wp\/v2\/media?parent=1303"}],"curies":[{"name":"wp","href":"https:\/\/api.w.org\/{rel}","templated":true}]}}